{"id":54,"date":"2023-03-07T16:54:33","date_gmt":"2023-03-07T16:54:33","guid":{"rendered":"https:\/\/azasesores.com\/?page_id=54"},"modified":"2025-12-19T07:20:03","modified_gmt":"2025-12-19T07:20:03","slug":"quienes-somos","status":"publish","type":"page","link":"https:\/\/azasesores.com\/en\/quienes-somos\/","title":{"rendered":"Asesor\u00eda con m\u00e1s de 35 a\u00f1os de experiencia en Guardamar | AZ Asesores"},"content":{"rendered":"<!-- =========================\n     QUI\u00c9NES SOMOS\n========================= -->\n<section class=\"az-section az-about\">\n  <div class=\"az-container az-grid az-grid-2 az-align-start\">\n\n    <!-- LOGO -->\n    <figure class=\"az-about-logo\">\n      <img decoding=\"async\"\n        src=\"https:\/\/azasesores.com\/wp-content\/uploads\/2025\/12\/undraw_online-community_3o0l.png\"\n        alt=\"Az Asesores \u00b7 Asesor\u00eda en Guardamar del Segura\"\n        loading=\"lazy\"\n      >\n    <\/figure>\n\n    <!-- CONTENIDO -->\n    <div class=\"az-about-content\">\n\n      <h1>This is your support team<\/h1>\n\n      <p class=\"translation-block\"><strong>Susi<\/strong> takes care of keeping your\n        <a href=\"https:\/\/azasesores.com\/en\/asesoria-contable-guardamar\/\">accounting<\/a>\n        up to date. Speak with <strong>Ana<\/strong> to resolve any questions\n        related to\n        <a href=\"https:\/\/azasesores.com\/en\/asesoria-fiscal-guardamar\/\">tax matters<\/a>\n        or legal issues.<\/p>\n\n      <p class=\"translation-block\">For\n        <a href=\"https:\/\/azasesores.com\/en\/asesoria-laboral-en-guardamar\/\">employment matters<\/a>,\n        ask for <strong>Conchi<\/strong>.\n        And for business strategy or general advice,\n        you can speak with <strong>Pilar<\/strong>, who manages the firm.<\/p>\n\n      <p>\n        Our team will always look for the most suitable solution for you.\n      <\/p>\n\n      <p class=\"translation-block\">From our office in <strong>Guardamar del Segura<\/strong>, we have been\n        helping people like you for more than <strong>35 years<\/strong> to\n        achieve their professional and personal goals.<\/p>\n\n      <p>\n        We are a female-led team who understands that real progress comes from\n        allowing you to focus on what you do best, while we take care of the\n        administrative side.\n      <\/p>\n\n      <p class=\"translation-block\">We assist you with\n        <a href=\"https:\/\/azasesores.com\/en\/extranjeria-guardamar\/\">immigration and residency matters<\/a>,\n        <a href=\"https:\/\/azasesores.com\/en\/emprendimiento-crear-empresa-en-guardamar\/\">\n          administrative procedures\n        <\/a>\n        and\n        <a href=\"https:\/\/azasesores.com\/en\/ayudas-y-tramites-administracion-guardamar\/\">\n          grants and public subsidies\n        <\/a>.<\/p>\n\n      <h2>\n        If you have any other administrative issue, just tell us.\n        We know how to help.\n      <\/h2>\n\n      <p>\n        At our firm, we value transparency and clear communication.\n        We explain everything in detail so you don\u2019t have doubts or\n        need to search for answers online.\n      <\/p>\n\n      <h4>Contact us during business hours<\/h4>\n\n      <p class=\"az-about-contact\">\n        <a href=\"tel:+34965728612\">96 572 86 12<\/a><br>\n        <a href=\"mailto:azasesores@azasesores.com\">\n          azasesores@azasesores.com\n        <\/a>\n      <\/p>\n\n    <\/div>\n\n  <\/div>\n<\/section>\n\n\n\n<footer class=\"az-footer\">\n  <div class=\"az-footer-inner\">\n\n    <!-- Col 1 \u00b7 Marca -->\n    <div class=\"az-footer-brand\">\n      <img decoding=\"async\"\n        class=\"az-footer-logo\"\n        src=\"https:\/\/azasesores.com\/wp-content\/uploads\/2025\/12\/Logo-Naranja_simple.png\"\n        alt=\"Az Asesores\">\n\n      <img decoding=\"async\"\n        class=\"az-footer-35\"\n        src=\"https:\/\/azasesores.com\/wp-content\/uploads\/2023\/03\/35years_35.png\"\n        alt=\"35 a\u00f1os ayud\u00e1ndote\">\n\n      <p class=\"az-footer-desc\">\n        Tax, labour and accounting advisory services for businesses,\nself-employed professionals and individuals.\n      <\/p>\n    <\/div>\n\n    <!-- Col 2 \u00b7 Horario + servicios -->\n    <div class=\"az-footer-info\">\n      <h4>Office hours<\/h4>\n      <p>\n        Monday to Friday<br>\n        9:00 \u2013 15:00<br>\n        15:30 \u2013 17:00\n      <\/p>\n\n      <h4>Services<\/h4>\n      <ul class=\"az-footer-menu\">\n        <li><a href=\"\/en\/asesoria-fiscal-guardamar\/\">Tax Advisory<\/a><\/li>\n        <li><a href=\"\/en\/asesoria-laboral-en-guardamar\/\">Labour Advisory<\/a><\/li>\n        <li><a href=\"\/en\/asesoria-contable-guardamar\/\">Accounting Advisory<\/a><\/li>\n        <li><a href=\"\/en\/extranjeria-guardamar\/\">Immigration<\/a><\/li>\n        <li><a href=\"\/en\/pensiones-y-prestaciones-guardamar\/\">Retirement<\/a><\/li>\n      <\/ul>\n    <\/div>\n\n    <!-- Col 3 \u00b7 Contacto + mapa -->\n    <div class=\"az-footer-map\">\n      <h4>Contact<\/h4>\n      <p>\n        Av. Pa\u00eds Valenci\u00e0 53<br>\n        03140 \u00b7 Guardamar del Segura<br>\n        <a href=\"tel:+34965728612\">+34 965 72 86 12<\/a><br>\n        <a href=\"mailto:azasesores@azasesores.com\">azasesores@azasesores.com<\/a>\n      <\/p>\n\n      <div class=\"az-footer-map-embed\">\n   <iframe\n  src=\"https:\/\/www.google.com\/maps?q=AZ%20Asesores%20Guardamar%20del%20Segura&#038;output=embed\"\n  loading=\"lazy\"\n  referrerpolicy=\"no-referrer-when-downgrade\"\n><\/iframe>\n      <\/div>\n    <\/div>\n\n  <\/div>\n\n  <div class=\"az-footer-bottom\">\n    \u00a9 Az Asesores \u00b7 Guardamar del Segura \u00b7\n    <a href=\"\/en\/aviso-legal\/\">Aviso Legal<\/a> \u00b7\n    <a href=\"\/en\/politica-de-privacidad\/\">Privacidad<\/a> \u00b7\n    <a href=\"\/en\/politica-de-cookies\/\">Cookies<\/a>\n  <\/div>\n<\/footer>","protected":false},"excerpt":{"rendered":"<p>Este es tu equipo de ayuda Susi se encarga de mantener al d\u00eda tu contabilidad. Habla con Ana para resolver cualquier duda de fiscalidad o cuestiones jur\u00eddicas. Para asuntos laborales, pregunta por Conchi. Y para cualquier duda sobre negocios y estrategia, puedes hablar con Pilar, la responsable de la asesor\u00eda. Nuestro equipo encontrar\u00e1 siempre la&hellip;&nbsp;<a href=\"https:\/\/azasesores.com\/en\/quienes-somos\/\" rel=\"bookmark\">Read More &raquo;<span class=\"screen-reader-text\">Asesor\u00eda con m\u00e1s de 35 a\u00f1os de experiencia en Guardamar | AZ Asesores<\/span><\/a><\/p>","protected":false},"author":1,"featured_media":0,"parent":0,"menu_order":0,"comment_status":"closed","ping_status":"closed","template":"","meta":{"neve_meta_sidebar":"","neve_meta_container":"","neve_meta_enable_content_width":"","neve_meta_content_width":0,"neve_meta_title_alignment":"center","neve_meta_author_avatar":"","neve_post_elements_order":"","neve_meta_disable_header":"","neve_meta_disable_footer":"","neve_meta_disable_title":"on","footnotes":""},"class_list":["post-54","page","type-page","status-publish","hentry"],"yoast_head":"<!-- This site is optimized with the Yoast SEO plugin v26.6 - https:\/\/yoast.com\/wordpress\/plugins\/seo\/ -->\n<title>Asesor\u00eda con m\u00e1s de 35 a\u00f1os de experiencia en Guardamar | AZ Asesores - Az Asesores<\/title>\n<meta name=\"description\" content=\"En nuestra asesor\u00eda te ofrecemos un servicio integral y personalizado, adaptado a tus necesidades y objetivos espec\u00edficos. Ya sea que necesites asesoramiento en materia de contabilidad, fiscalidad, laboral, jur\u00eddica o de negocios, nuestro equipo de trabajo te ayudar\u00e1 a encontrar las soluciones m\u00e1s adecuadas y efectivas para ti.\" \/>\n<meta name=\"robots\" content=\"index, follow, max-snippet:-1, max-image-preview:large, max-video-preview:-1\" \/>\n<link rel=\"canonical\" href=\"https:\/\/azasesores.com\/en\/quienes-somos\/\" \/>\n<meta property=\"og:locale\" content=\"en_GB\" \/>\n<meta property=\"og:type\" content=\"article\" \/>\n<meta property=\"og:title\" content=\"Asesor\u00eda con m\u00e1s de 35 a\u00f1os de experiencia en Guardamar | AZ Asesores - Az Asesores\" \/>\n<meta property=\"og:description\" content=\"En nuestra asesor\u00eda te ofrecemos un servicio integral y personalizado, adaptado a tus necesidades y objetivos espec\u00edficos. Ya sea que necesites asesoramiento en materia de contabilidad, fiscalidad, laboral, jur\u00eddica o de negocios, nuestro equipo de trabajo te ayudar\u00e1 a encontrar las soluciones m\u00e1s adecuadas y efectivas para ti.\" \/>\n<meta property=\"og:url\" content=\"https:\/\/azasesores.com\/en\/quienes-somos\/\" \/>\n<meta property=\"og:site_name\" content=\"Az Asesores\" \/>\n<meta property=\"article:publisher\" content=\"https:\/\/www.facebook.com\/profile.php?id=100057571264880\" \/>\n<meta property=\"article:modified_time\" content=\"2025-12-19T07:20:03+00:00\" \/>\n<meta name=\"twitter:card\" content=\"summary_large_image\" \/>\n<meta name=\"twitter:label1\" content=\"Estimated reading time\" \/>\n\t<meta name=\"twitter:data1\" content=\"2 minutes\" \/>\n<script type=\"application\/ld+json\" class=\"yoast-schema-graph\">{\"@context\":\"https:\/\/schema.org\",\"@graph\":[{\"@type\":\"WebPage\",\"@id\":\"https:\/\/azasesores.com\/quienes-somos\/\",\"url\":\"https:\/\/azasesores.com\/quienes-somos\/\",\"name\":\"Asesor\u00eda con m\u00e1s de 35 a\u00f1os de experiencia en Guardamar | AZ Asesores - Az Asesores\",\"isPartOf\":{\"@id\":\"https:\/\/azasesores.com\/#website\"},\"datePublished\":\"2023-03-07T16:54:33+00:00\",\"dateModified\":\"2025-12-19T07:20:03+00:00\",\"description\":\"En nuestra asesor\u00eda te ofrecemos un servicio integral y personalizado, adaptado a tus necesidades y objetivos espec\u00edficos. Ya sea que necesites asesoramiento en materia de contabilidad, fiscalidad, laboral, jur\u00eddica o de negocios, nuestro equipo de trabajo te ayudar\u00e1 a encontrar las soluciones m\u00e1s adecuadas y efectivas para ti.\",\"inLanguage\":\"en-GB\",\"potentialAction\":[{\"@type\":\"ReadAction\",\"target\":[\"https:\/\/azasesores.com\/quienes-somos\/\"]}]},{\"@type\":\"WebSite\",\"@id\":\"https:\/\/azasesores.com\/#website\",\"url\":\"https:\/\/azasesores.com\/\",\"name\":\"Az Asesores\",\"description\":\"35 Ayud\u00e1ndote\",\"publisher\":{\"@id\":\"https:\/\/azasesores.com\/#organization\"},\"potentialAction\":[{\"@type\":\"SearchAction\",\"target\":{\"@type\":\"EntryPoint\",\"urlTemplate\":\"https:\/\/azasesores.com\/?s={search_term_string}\"},\"query-input\":{\"@type\":\"PropertyValueSpecification\",\"valueRequired\":true,\"valueName\":\"search_term_string\"}}],\"inLanguage\":\"en-GB\"},{\"@type\":\"Organization\",\"@id\":\"https:\/\/azasesores.com\/#organization\",\"name\":\"Az Asesores\",\"url\":\"https:\/\/azasesores.com\/\",\"logo\":{\"@type\":\"ImageObject\",\"inLanguage\":\"en-GB\",\"@id\":\"https:\/\/azasesores.com\/#\/schema\/logo\/image\/\",\"url\":\"https:\/\/azasesores.com\/wp-content\/uploads\/2023\/03\/cropped-Az_logo_negro.png\",\"contentUrl\":\"https:\/\/azasesores.com\/wp-content\/uploads\/2023\/03\/cropped-Az_logo_negro.png\",\"width\":501,\"height\":501,\"caption\":\"Az Asesores\"},\"image\":{\"@id\":\"https:\/\/azasesores.com\/#\/schema\/logo\/image\/\"},\"sameAs\":[\"https:\/\/www.facebook.com\/profile.php?id=100057571264880\"]}]}<\/script>\n<!-- \/ Yoast SEO plugin. -->","yoast_head_json":{"title":"Asesor\u00eda con m\u00e1s de 35 a\u00f1os de experiencia en Guardamar | AZ Asesores - Az Asesores","description":"En nuestra asesor\u00eda te ofrecemos un servicio integral y personalizado, adaptado a tus necesidades y objetivos espec\u00edficos. Ya sea que necesites asesoramiento en materia de contabilidad, fiscalidad, laboral, jur\u00eddica o de negocios, nuestro equipo de trabajo te ayudar\u00e1 a encontrar las soluciones m\u00e1s adecuadas y efectivas para ti.","robots":{"index":"index","follow":"follow","max-snippet":"max-snippet:-1","max-image-preview":"max-image-preview:large","max-video-preview":"max-video-preview:-1"},"canonical":"https:\/\/azasesores.com\/en\/quienes-somos\/","og_locale":"en_GB","og_type":"article","og_title":"Asesor\u00eda con m\u00e1s de 35 a\u00f1os de experiencia en Guardamar | AZ Asesores - Az Asesores","og_description":"En nuestra asesor\u00eda te ofrecemos un servicio integral y personalizado, adaptado a tus necesidades y objetivos espec\u00edficos. Ya sea que necesites asesoramiento en materia de contabilidad, fiscalidad, laboral, jur\u00eddica o de negocios, nuestro equipo de trabajo te ayudar\u00e1 a encontrar las soluciones m\u00e1s adecuadas y efectivas para ti.","og_url":"https:\/\/azasesores.com\/en\/quienes-somos\/","og_site_name":"Az Asesores","article_publisher":"https:\/\/www.facebook.com\/profile.php?id=100057571264880","article_modified_time":"2025-12-19T07:20:03+00:00","twitter_card":"summary_large_image","twitter_misc":{"Estimated reading time":"2 minutes"},"schema":{"@context":"https:\/\/schema.org","@graph":[{"@type":"WebPage","@id":"https:\/\/azasesores.com\/quienes-somos\/","url":"https:\/\/azasesores.com\/quienes-somos\/","name":"Asesor\u00eda con m\u00e1s de 35 a\u00f1os de experiencia en Guardamar | AZ Asesores - Az Asesores","isPartOf":{"@id":"https:\/\/azasesores.com\/#website"},"datePublished":"2023-03-07T16:54:33+00:00","dateModified":"2025-12-19T07:20:03+00:00","description":"En nuestra asesor\u00eda te ofrecemos un servicio integral y personalizado, adaptado a tus necesidades y objetivos espec\u00edficos. Ya sea que necesites asesoramiento en materia de contabilidad, fiscalidad, laboral, jur\u00eddica o de negocios, nuestro equipo de trabajo te ayudar\u00e1 a encontrar las soluciones m\u00e1s adecuadas y efectivas para ti.","inLanguage":"en-GB","potentialAction":[{"@type":"ReadAction","target":["https:\/\/azasesores.com\/quienes-somos\/"]}]},{"@type":"WebSite","@id":"https:\/\/azasesores.com\/#website","url":"https:\/\/azasesores.com\/","name":"Az Asesores","description":"35 Ayud\u00e1ndote","publisher":{"@id":"https:\/\/azasesores.com\/#organization"},"potentialAction":[{"@type":"SearchAction","target":{"@type":"EntryPoint","urlTemplate":"https:\/\/azasesores.com\/?s={search_term_string}"},"query-input":{"@type":"PropertyValueSpecification","valueRequired":true,"valueName":"search_term_string"}}],"inLanguage":"en-GB"},{"@type":"Organization","@id":"https:\/\/azasesores.com\/#organization","name":"Az Asesores","url":"https:\/\/azasesores.com\/","logo":{"@type":"ImageObject","inLanguage":"en-GB","@id":"https:\/\/azasesores.com\/#\/schema\/logo\/image\/","url":"https:\/\/azasesores.com\/wp-content\/uploads\/2023\/03\/cropped-Az_logo_negro.png","contentUrl":"https:\/\/azasesores.com\/wp-content\/uploads\/2023\/03\/cropped-Az_logo_negro.png","width":501,"height":501,"caption":"Az Asesores"},"image":{"@id":"https:\/\/azasesores.com\/#\/schema\/logo\/image\/"},"sameAs":["https:\/\/www.facebook.com\/profile.php?id=100057571264880"]}]}},"jetpack_sharing_enabled":true,"_links":{"self":[{"href":"https:\/\/azasesores.com\/en\/wp-json\/wp\/v2\/pages\/54","targetHints":{"allow":["GET"]}}],"collection":[{"href":"https:\/\/azasesores.com\/en\/wp-json\/wp\/v2\/pages"}],"about":[{"href":"https:\/\/azasesores.com\/en\/wp-json\/wp\/v2\/types\/page"}],"author":[{"embeddable":true,"href":"https:\/\/azasesores.com\/en\/wp-json\/wp\/v2\/users\/1"}],"replies":[{"embeddable":true,"href":"https:\/\/azasesores.com\/en\/wp-json\/wp\/v2\/comments?post=54"}],"version-history":[{"count":36,"href":"https:\/\/azasesores.com\/en\/wp-json\/wp\/v2\/pages\/54\/revisions"}],"predecessor-version":[{"id":1245,"href":"https:\/\/azasesores.com\/en\/wp-json\/wp\/v2\/pages\/54\/revisions\/1245"}],"wp:attachment":[{"href":"https:\/\/azasesores.com\/en\/wp-json\/wp\/v2\/media?parent=54"}],"curies":[{"name":"wp","href":"https:\/\/api.w.org\/{rel}","templated":true}]}}