{"id":84,"date":"2023-03-08T10:41:09","date_gmt":"2023-03-08T10:41:09","guid":{"rendered":"https:\/\/azasesores.com\/?page_id=84"},"modified":"2025-12-19T16:10:41","modified_gmt":"2025-12-19T16:10:41","slug":"servicios","status":"publish","type":"page","link":"https:\/\/azasesores.com\/en\/servicios\/","title":{"rendered":"Servicios de asesor\u00eda en Guardamar del Segura | AZ Asesores"},"content":{"rendered":"<!-- =========================\n     SERVICIOS \u00b7 COPY\n========================= -->\n<section class=\"az-section az-services-copy\">\n  <div class=\"az-container az-center\">\n    <h2>How can we assist you?<\/h2>\n    <p>\n      We support you whether you run a business or need personal advice, guiding you step by step through every procedure.\n    <\/p>\n  <\/div>\n<\/section>\n\n\n<!-- =========================\n     COMO EMPRESA\n========================= -->\n<section class=\"az-section az-services-copy\">\n  <div class=\"az-container az-center\">\n    <h3>As a business<\/h3>\n    <p>\n      Services designed to create, manage and grow your business with security and peace of mind.\n    <\/p>\n  <\/div>\n<\/section>\n\n\n<section class=\"az-section az-bono-services az-bono-empresas\">\n  <h2>Entrepreneurship<\/h2>\n\n  <ul class=\"az-bono-links\">\n    <li><a href=\"\/en\/emprendimiento-crear-empresa-en-guardamar\/\">Incorporation of Companies<\/a><\/li>\n    <li><a href=\"\/en\/emprendimiento-crear-empresa-en-guardamar\/\">Commercial Register<\/a><\/li>\n    <li><a href=\"\/en\/emprendimiento-crear-empresa-en-guardamar\/\">Self-Employed Registration<\/a><\/li>\n    <li><a href=\"\/en\/emprendimiento-crear-empresa-en-guardamar\/\">Community of Property Owners<\/a><\/li>\n  <\/ul>\n<\/section>\n\n\n<section class=\"az-section az-bono-services az-bono-contabilidad\">\n  <h2>Accounting<\/h2>\n\n  <ul class=\"az-bono-links\">\n    <li><a href=\"\/en\/asesoria-contable-guardamar\/\">General accounting<\/a><\/li>\n    <li><a href=\"\/en\/asesoria-contable-guardamar\/\">Tax filing<\/a><\/li>\n    <li><a href=\"\/en\/asesoria-contable-guardamar\/\">Cost analysis and management<\/a><\/li>\n    <li><a href=\"\/en\/asesoria-contable-guardamar\/\">Accounting advice<\/a><\/li>\n  <\/ul>\n<\/section>\n\n\n<section class=\"az-section az-bono-services az-bono-laboral\">\n  <h2>Labor Advice<\/h2>\n\n  <ul class=\"az-bono-links\">\n    <li><a href=\"\/en\/asesoria-laboral-en-guardamar\/\">Staff recruitment<\/a><\/li>\n    <li><a href=\"\/en\/asesoria-laboral-en-guardamar\/\">Payroll Management<\/a><\/li>\n    <li><a href=\"\/en\/asesoria-laboral-en-guardamar\/\">Social Security<\/a><\/li>\n    <li><a href=\"\/en\/asesoria-laboral-en-guardamar\/\">Employee registrations and terminations<\/a><\/li>\n    <li><a href=\"\/en\/asesoria-laboral-en-guardamar\/\">Dismissals and compensation<\/a><\/li>\n    <li><a href=\"\/en\/asesoria-laboral-en-guardamar\/\">Mediation and conciliation procedures<\/a><\/li>\n  <\/ul>\n<\/section>\n\n\n<!-- =========================\n     COMO PARTICULAR\n========================= -->\n<section class=\"az-section az-services-copy\">\n  <div class=\"az-container az-center\">\n    <h3>As an individual<\/h3>\n    <p>\n      We help you resolve tax, administrative and social procedures in a clear, approachable and hassle-free way.\n    <\/p>\n  <\/div>\n<\/section>\n\n\n<section class=\"az-section az-bono-services az-bono-fiscal\">\n  <h2>Taxation<\/h2>\n\n  <ul class=\"az-bono-links\">\n    <li><a href=\"\/en\/asesoria-fiscal-guardamar\/\">Tax advice<\/a><\/li>\n    <li><a href=\"\/en\/asesoria-fiscal-guardamar\/\">Income tax return<\/a><\/li>\n    <li><a href=\"\/en\/asesoria-fiscal-guardamar\/\">Tax optimisation<\/a><\/li>\n    <li><a href=\"\/en\/asesoria-fiscal-guardamar\/\">Tax Planning<\/a><\/li>\n    <li><a href=\"\/en\/asesoria-fiscal-guardamar\/\">Tax management<\/a><\/li>\n    <li><a href=\"\/en\/asesoria-fiscal-guardamar\/\">Inheritance and donations<\/a><\/li>\n  <\/ul>\n<\/section>\n\n\n<section class=\"az-section az-bono-services az-bono-ayudas\">\n  <h2>Grants and subsidies<\/h2>\n\n  <ul class=\"az-bono-links\">\n    <li><a href=\"\/en\/ayudas-y-tramites-administracion-guardamar\/\">Administrative advice<\/a><\/li>\n    <li><a href=\"\/en\/ayudas-y-tramites-administracion-guardamar\/\">Grant application processing<\/a><\/li>\n    <li><a href=\"\/en\/ayudas-y-tramites-administracion-guardamar\/\">Submission of applications<\/a><\/li>\n    <li><a href=\"\/en\/ayudas-y-tramites-administracion-guardamar\/\">Follow-up and compliance<\/a><\/li>\n    <li><a href=\"\/en\/ayudas-y-tramites-administracion-guardamar\/\">Representation before public authorities<\/a><\/li>\n  <\/ul>\n<\/section>\n\n\n<section class=\"az-section az-bono-services az-bono-pensiones\">\n  <h2>Pensions and benefits<\/h2>\n\n  <ul class=\"az-bono-links\">\n    <li><a href=\"\/en\/pensiones-y-prestaciones-guardamar\/\">Widowhood<\/a><\/li>\n    <li><a href=\"\/en\/pensiones-y-prestaciones-guardamar\/\">Retirement<\/a><\/li>\n    <li><a href=\"\/en\/pensiones-y-prestaciones-guardamar\/\">Orphanhood<\/a><\/li>\n    <li><a href=\"\/en\/pensiones-y-prestaciones-guardamar\/\">Maternity and Paternity<\/a><\/li>\n    <li><a href=\"\/en\/pensiones-y-prestaciones-guardamar\/\">Benefits Planning<\/a><\/li>\n  <\/ul>\n<\/section>\n\n\n<section class=\"az-section az-bono-services az-bono-extranjeria\">\n  <h2>Immigration<\/h2>\n\n  <ul class=\"az-bono-links\">\n    <li><a href=\"\/en\/extranjeria-guardamar\/\">Spanish Nationality<\/a><\/li>\n    <li><a href=\"\/en\/extranjeria-guardamar\/\">Brexit Procedures<\/a><\/li>\n    <li><a href=\"\/en\/extranjeria-guardamar\/\">Residence and work permits<\/a><\/li>\n    <li><a href=\"\/en\/extranjeria-guardamar\/\">Tax representation<\/a><\/li>\n    <li><a href=\"\/en\/extranjeria-guardamar\/\">Forms 210 and 211<\/a><\/li>\n    <li><a href=\"\/en\/extranjeria-guardamar\/\">Declaration of assets abroad<\/a><\/li>\n  <\/ul>\n<\/section>\n<!-- =========================\n     CIERRE \u00b7 SERVICIOS\n========================= -->\n<section class=\"az-section az-service-brand\">\n  <div class=\"az-container az-grid-2 az-center-vertical\">\n\n    <div class=\"az-brand-text\">\n      <h2>Your trusted advisors in Guardamar del Segura<\/h2>\n      <p>\n        M\u00e1s de 35 a\u00f1os acompa\u00f1ando a empresas, aut\u00f3nomos y particulares\n        con un trato cercano, soluciones claras y un profundo conocimiento\n        del entorno administrativo local.\n      <\/p>\n    <\/div>\n\n    <div class=\"az-brand-image\">\n      <img decoding=\"async\"\n        src=\"https:\/\/azasesores.com\/wp-content\/uploads\/2025\/12\/andrei-castanha-iwRUc0ESLsw-unsplash-scaled.png\"\n        alt=\"Az Asesores \u00b7 Guardamar del Segura\"\n        loading=\"lazy\"\n      >\n    <\/div>\n\n  <\/div>\n<\/section>\n\n\n\n<footer class=\"az-footer\">\n  <div class=\"az-footer-inner\">\n\n    <!-- Col 1 \u00b7 Marca -->\n    <div class=\"az-footer-brand\">\n      <img decoding=\"async\"\n        class=\"az-footer-logo\"\n        src=\"https:\/\/azasesores.com\/wp-content\/uploads\/2025\/12\/Logo-Naranja_simple.png\"\n        alt=\"Az Asesores\">\n\n      <img decoding=\"async\"\n        class=\"az-footer-35\"\n        src=\"https:\/\/azasesores.com\/wp-content\/uploads\/2023\/03\/35years_35.png\"\n        alt=\"35 a\u00f1os ayud\u00e1ndote\">\n\n      <p class=\"az-footer-desc\">\n        Tax, labour and accounting advisory services for businesses,\nself-employed professionals and individuals.\n      <\/p>\n    <\/div>\n\n    <!-- Col 2 \u00b7 Horario + servicios -->\n    <div class=\"az-footer-info\">\n      <h4>Office hours<\/h4>\n      <p>\n        Monday to Friday<br>\n        9:00 \u2013 15:00<br>\n        15:30 \u2013 17:00\n      <\/p>\n\n      <h4>Services<\/h4>\n      <ul class=\"az-footer-menu\">\n        <li><a href=\"\/en\/asesoria-fiscal-guardamar\/\">Tax Advisory<\/a><\/li>\n        <li><a href=\"\/en\/asesoria-laboral-en-guardamar\/\">Labour Advisory<\/a><\/li>\n        <li><a href=\"\/en\/asesoria-contable-guardamar\/\">Accounting Advisory<\/a><\/li>\n        <li><a href=\"\/en\/extranjeria-guardamar\/\">Immigration<\/a><\/li>\n        <li><a href=\"\/en\/pensiones-y-prestaciones-guardamar\/\">Retirement<\/a><\/li>\n      <\/ul>\n    <\/div>\n\n    <!-- Col 3 \u00b7 Contacto + mapa -->\n    <div class=\"az-footer-map\">\n      <h4>Contact<\/h4>\n      <p>\n        Av. Pa\u00eds Valenci\u00e0 53<br>\n        03140 \u00b7 Guardamar del Segura<br>\n        <a href=\"tel:+34965728612\">+34 965 72 86 12<\/a><br>\n        <a href=\"mailto:azasesores@azasesores.com\">azasesores@azasesores.com<\/a>\n      <\/p>\n\n      <div class=\"az-footer-map-embed\">\n   <iframe\n  src=\"https:\/\/www.google.com\/maps?q=AZ%20Asesores%20Guardamar%20del%20Segura&#038;output=embed\"\n  loading=\"lazy\"\n  referrerpolicy=\"no-referrer-when-downgrade\"\n><\/iframe>\n      <\/div>\n    <\/div>\n\n  <\/div>\n\n  <div class=\"az-footer-bottom\">\n    \u00a9 Az Asesores \u00b7 Guardamar del Segura \u00b7\n    <a href=\"\/en\/aviso-legal\/\">Aviso Legal<\/a> \u00b7\n    <a href=\"\/en\/politica-de-privacidad\/\">Privacidad<\/a> \u00b7\n    <a href=\"\/en\/politica-de-cookies\/\">Cookies<\/a>\n  <\/div>\n<\/footer>","protected":false},"excerpt":{"rendered":"<p>\u00bfC\u00f3mo te ayudamos? Te acompa\u00f1amos tanto si tienes una empresa como si necesitas asesoramiento a nivel personal, gui\u00e1ndote paso a paso en cada tr\u00e1mite. Como empresa Servicios pensados para crear, gestionar y hacer crecer tu negocio con seguridad y tranquilidad. Emprendimiento Constituci\u00f3n de sociedades Registro Mercantil Altas de aut\u00f3nomos Comunidades de bienes Contabilidad Contabilidad general&hellip;&nbsp;<a href=\"https:\/\/azasesores.com\/en\/servicios\/\" rel=\"bookmark\">Read More &raquo;<span class=\"screen-reader-text\">Servicios de asesor\u00eda en Guardamar del Segura | AZ Asesores<\/span><\/a><\/p>","protected":false},"author":1,"featured_media":0,"parent":0,"menu_order":0,"comment_status":"closed","ping_status":"closed","template":"","meta":{"neve_meta_sidebar":"","neve_meta_container":"","neve_meta_enable_content_width":"","neve_meta_content_width":0,"neve_meta_title_alignment":"center","neve_meta_author_avatar":"","neve_post_elements_order":"","neve_meta_disable_header":"","neve_meta_disable_footer":"","neve_meta_disable_title":"on","footnotes":""},"class_list":["post-84","page","type-page","status-publish","hentry"],"yoast_head":"<!-- This site is optimized with the Yoast SEO plugin v26.6 - https:\/\/yoast.com\/wordpress\/plugins\/seo\/ -->\n<title>Servicios de asesor\u00eda en Guardamar del Segura | AZ Asesores - Az Asesores<\/title>\n<meta name=\"robots\" content=\"index, follow, max-snippet:-1, max-image-preview:large, max-video-preview:-1\" \/>\n<link rel=\"canonical\" href=\"https:\/\/azasesores.com\/en\/servicios\/\" \/>\n<meta property=\"og:locale\" content=\"en_GB\" \/>\n<meta property=\"og:type\" content=\"article\" \/>\n<meta property=\"og:title\" content=\"Servicios de asesor\u00eda en Guardamar del Segura | AZ Asesores - Az Asesores\" \/>\n<meta property=\"og:description\" content=\"\u00bfC\u00f3mo te ayudamos? Te acompa\u00f1amos tanto si tienes una empresa como si necesitas asesoramiento a nivel personal, gui\u00e1ndote paso a paso en cada tr\u00e1mite. Como empresa Servicios pensados para crear, gestionar y hacer crecer tu negocio con seguridad y tranquilidad. Emprendimiento Constituci\u00f3n de sociedades Registro Mercantil Altas de aut\u00f3nomos Comunidades de bienes Contabilidad Contabilidad general&hellip;&nbsp;Read More &raquo;Servicios de asesor\u00eda en Guardamar del Segura | AZ Asesores\" \/>\n<meta property=\"og:url\" content=\"https:\/\/azasesores.com\/en\/servicios\/\" \/>\n<meta property=\"og:site_name\" content=\"Az Asesores\" \/>\n<meta property=\"article:publisher\" content=\"https:\/\/www.facebook.com\/profile.php?id=100057571264880\" \/>\n<meta property=\"article:modified_time\" content=\"2025-12-19T16:10:41+00:00\" \/>\n<meta name=\"twitter:card\" content=\"summary_large_image\" \/>\n<meta name=\"twitter:label1\" content=\"Estimated reading time\" \/>\n\t<meta name=\"twitter:data1\" content=\"2 minutes\" \/>\n<script type=\"application\/ld+json\" class=\"yoast-schema-graph\">{\"@context\":\"https:\/\/schema.org\",\"@graph\":[{\"@type\":\"WebPage\",\"@id\":\"https:\/\/azasesores.com\/servicios\/\",\"url\":\"https:\/\/azasesores.com\/servicios\/\",\"name\":\"Servicios de asesor\u00eda en Guardamar del Segura | AZ Asesores - Az Asesores\",\"isPartOf\":{\"@id\":\"https:\/\/azasesores.com\/#website\"},\"datePublished\":\"2023-03-08T10:41:09+00:00\",\"dateModified\":\"2025-12-19T16:10:41+00:00\",\"inLanguage\":\"en-GB\",\"potentialAction\":[{\"@type\":\"ReadAction\",\"target\":[\"https:\/\/azasesores.com\/servicios\/\"]}]},{\"@type\":\"WebSite\",\"@id\":\"https:\/\/azasesores.com\/#website\",\"url\":\"https:\/\/azasesores.com\/\",\"name\":\"Az Asesores\",\"description\":\"35 Ayud\u00e1ndote\",\"publisher\":{\"@id\":\"https:\/\/azasesores.com\/#organization\"},\"potentialAction\":[{\"@type\":\"SearchAction\",\"target\":{\"@type\":\"EntryPoint\",\"urlTemplate\":\"https:\/\/azasesores.com\/?s={search_term_string}\"},\"query-input\":{\"@type\":\"PropertyValueSpecification\",\"valueRequired\":true,\"valueName\":\"search_term_string\"}}],\"inLanguage\":\"en-GB\"},{\"@type\":\"Organization\",\"@id\":\"https:\/\/azasesores.com\/#organization\",\"name\":\"Az Asesores\",\"url\":\"https:\/\/azasesores.com\/\",\"logo\":{\"@type\":\"ImageObject\",\"inLanguage\":\"en-GB\",\"@id\":\"https:\/\/azasesores.com\/#\/schema\/logo\/image\/\",\"url\":\"https:\/\/azasesores.com\/wp-content\/uploads\/2023\/03\/cropped-Az_logo_negro.png\",\"contentUrl\":\"https:\/\/azasesores.com\/wp-content\/uploads\/2023\/03\/cropped-Az_logo_negro.png\",\"width\":501,\"height\":501,\"caption\":\"Az Asesores\"},\"image\":{\"@id\":\"https:\/\/azasesores.com\/#\/schema\/logo\/image\/\"},\"sameAs\":[\"https:\/\/www.facebook.com\/profile.php?id=100057571264880\"]}]}<\/script>\n<!-- \/ Yoast SEO plugin. -->","yoast_head_json":{"title":"Servicios de asesor\u00eda en Guardamar del Segura | AZ Asesores - Az Asesores","robots":{"index":"index","follow":"follow","max-snippet":"max-snippet:-1","max-image-preview":"max-image-preview:large","max-video-preview":"max-video-preview:-1"},"canonical":"https:\/\/azasesores.com\/en\/servicios\/","og_locale":"en_GB","og_type":"article","og_title":"Servicios de asesor\u00eda en Guardamar del Segura | AZ Asesores - Az Asesores","og_description":"\u00bfC\u00f3mo te ayudamos? Te acompa\u00f1amos tanto si tienes una empresa como si necesitas asesoramiento a nivel personal, gui\u00e1ndote paso a paso en cada tr\u00e1mite. Como empresa Servicios pensados para crear, gestionar y hacer crecer tu negocio con seguridad y tranquilidad. Emprendimiento Constituci\u00f3n de sociedades Registro Mercantil Altas de aut\u00f3nomos Comunidades de bienes Contabilidad Contabilidad general&hellip;&nbsp;Read More &raquo;Servicios de asesor\u00eda en Guardamar del Segura | AZ Asesores","og_url":"https:\/\/azasesores.com\/en\/servicios\/","og_site_name":"Az Asesores","article_publisher":"https:\/\/www.facebook.com\/profile.php?id=100057571264880","article_modified_time":"2025-12-19T16:10:41+00:00","twitter_card":"summary_large_image","twitter_misc":{"Estimated reading time":"2 minutes"},"schema":{"@context":"https:\/\/schema.org","@graph":[{"@type":"WebPage","@id":"https:\/\/azasesores.com\/servicios\/","url":"https:\/\/azasesores.com\/servicios\/","name":"Servicios de asesor\u00eda en Guardamar del Segura | AZ Asesores - Az Asesores","isPartOf":{"@id":"https:\/\/azasesores.com\/#website"},"datePublished":"2023-03-08T10:41:09+00:00","dateModified":"2025-12-19T16:10:41+00:00","inLanguage":"en-GB","potentialAction":[{"@type":"ReadAction","target":["https:\/\/azasesores.com\/servicios\/"]}]},{"@type":"WebSite","@id":"https:\/\/azasesores.com\/#website","url":"https:\/\/azasesores.com\/","name":"Az Asesores","description":"35 Ayud\u00e1ndote","publisher":{"@id":"https:\/\/azasesores.com\/#organization"},"potentialAction":[{"@type":"SearchAction","target":{"@type":"EntryPoint","urlTemplate":"https:\/\/azasesores.com\/?s={search_term_string}"},"query-input":{"@type":"PropertyValueSpecification","valueRequired":true,"valueName":"search_term_string"}}],"inLanguage":"en-GB"},{"@type":"Organization","@id":"https:\/\/azasesores.com\/#organization","name":"Az Asesores","url":"https:\/\/azasesores.com\/","logo":{"@type":"ImageObject","inLanguage":"en-GB","@id":"https:\/\/azasesores.com\/#\/schema\/logo\/image\/","url":"https:\/\/azasesores.com\/wp-content\/uploads\/2023\/03\/cropped-Az_logo_negro.png","contentUrl":"https:\/\/azasesores.com\/wp-content\/uploads\/2023\/03\/cropped-Az_logo_negro.png","width":501,"height":501,"caption":"Az Asesores"},"image":{"@id":"https:\/\/azasesores.com\/#\/schema\/logo\/image\/"},"sameAs":["https:\/\/www.facebook.com\/profile.php?id=100057571264880"]}]}},"jetpack_sharing_enabled":true,"_links":{"self":[{"href":"https:\/\/azasesores.com\/en\/wp-json\/wp\/v2\/pages\/84","targetHints":{"allow":["GET"]}}],"collection":[{"href":"https:\/\/azasesores.com\/en\/wp-json\/wp\/v2\/pages"}],"about":[{"href":"https:\/\/azasesores.com\/en\/wp-json\/wp\/v2\/types\/page"}],"author":[{"embeddable":true,"href":"https:\/\/azasesores.com\/en\/wp-json\/wp\/v2\/users\/1"}],"replies":[{"embeddable":true,"href":"https:\/\/azasesores.com\/en\/wp-json\/wp\/v2\/comments?post=84"}],"version-history":[{"count":32,"href":"https:\/\/azasesores.com\/en\/wp-json\/wp\/v2\/pages\/84\/revisions"}],"predecessor-version":[{"id":1254,"href":"https:\/\/azasesores.com\/en\/wp-json\/wp\/v2\/pages\/84\/revisions\/1254"}],"wp:attachment":[{"href":"https:\/\/azasesores.com\/en\/wp-json\/wp\/v2\/media?parent=84"}],"curies":[{"name":"wp","href":"https:\/\/api.w.org\/{rel}","templated":true}]}}